{"id":3974,"date":"2014-12-15T18:14:09","date_gmt":"2014-12-15T17:14:09","guid":{"rendered":"https:\/\/undsgn.com\/uncode\/?page_id=3974"},"modified":"2026-04-06T12:04:42","modified_gmt":"2026-04-06T10:04:42","slug":"kontakt","status":"publish","type":"page","link":"https:\/\/www.insevia.de\/insevia\/kontakt\/","title":{"rendered":"Kontakt"},"content":{"rendered":"<div class=\"wpb-content-wrapper\"><p>[vc_row row_height_percent=&#8220;0&#8243; override_padding=&#8220;yes&#8220; h_padding=&#8220;2&#8243; top_padding=&#8220;5&#8243; bottom_padding=&#8220;5&#8243; back_color=&#8220;color-lxmt&#8220; overlay_alpha=&#8220;100&#8243; gutter_size=&#8220;4&#8243; column_width_percent=&#8220;100&#8243; shift_y=&#8220;0&#8243; z_index=&#8220;0&#8243; style=&#8220;inherited&#8220;][vc_column column_width_percent=&#8220;100&#8243; align_horizontal=&#8220;align_center&#8220; gutter_size=&#8220;4&#8243; font_family=&#8220;font-175345&#8243; overlay_alpha=&#8220;100&#8243; shift_x=&#8220;0&#8243; shift_y=&#8220;0&#8243; shift_y_down=&#8220;0&#8243; z_index=&#8220;0&#8243; medium_width=&#8220;3&#8243; mobile_width=&#8220;0&#8243; zoom_width=&#8220;0&#8243; zoom_height=&#8220;0&#8243; width=&#8220;1\/3&#8243; uncode_shortcode_id=&#8220;201163&#8243;][vc_icon icon=&#8220;fa fa-volume-control-phone&#8220; icon_color=&#8220;color-prif&#8220; size=&#8220;fa-3x&#8220; text_font=&#8220;font-136269&#8243; text_weight=&#8220;500&#8243; text_space=&#8220;fontspace-781688&#8243; text_reduced=&#8220;yes&#8220; title=&#8220;Telefon&#8220; link=&#8220;url:tel%3A4962229386556|target:_blank&#8220; link_text=&#8220;06222 9386556&#8243; uncode_shortcode_id=&#8220;153155&#8243; icon_color_type=&#8220;uncode-palette&#8220;]Sie m\u00f6chten Ihr Anliegen lieber pers\u00f6nlich besprechen? Kein Problem wir sind gerne telefonisch f\u00fcr Sie da. Rufen Sie uns einfach an, und wir k\u00fcmmern uns direkt um Ihr Anliegen.<\/p>\n<p>[\/vc_icon][\/vc_column][vc_column column_width_percent=&#8220;100&#8243; align_horizontal=&#8220;align_center&#8220; gutter_size=&#8220;3&#8243; font_family=&#8220;font-175345&#8243; overlay_alpha=&#8220;50&#8243; shift_x=&#8220;0&#8243; shift_y=&#8220;0&#8243; shift_y_down=&#8220;0&#8243; z_index=&#8220;0&#8243; medium_width=&#8220;3&#8243; mobile_width=&#8220;0&#8243; width=&#8220;1\/3&#8243; uncode_shortcode_id=&#8220;174571&#8243;][vc_icon icon=&#8220;fa fa-envelope2&#8243; icon_color=&#8220;color-prif&#8220; size=&#8220;fa-3x&#8220; text_font=&#8220;font-136269&#8243; text_weight=&#8220;500&#8243; text_space=&#8220;fontspace-781688&#8243; text_reduced=&#8220;yes&#8220; title=&#8220;Mailadresse&#8220; link=&#8220;url:mailto%3Ainfo%40insevia.de|target:_blank&#8220; link_text=&#8220;info@insevia.de&#8220; uncode_shortcode_id=&#8220;127394&#8243; icon_color_type=&#8220;uncode-palette&#8220;]Sie m\u00f6chten uns Ihr Anliegen lieber schriftlich senden? Schreiben Sie uns einfach eine E-Mail. Wir k\u00fcmmern uns schnellstm\u00f6glich um Ihre Anfrage und melden uns zeitnah bei Ihnen zur\u00fcck.<\/p>\n<p>[\/vc_icon][\/vc_column][vc_column column_width_percent=&#8220;100&#8243; align_horizontal=&#8220;align_center&#8220; gutter_size=&#8220;3&#8243; font_family=&#8220;font-175345&#8243; overlay_alpha=&#8220;50&#8243; shift_x=&#8220;0&#8243; shift_y=&#8220;0&#8243; shift_y_down=&#8220;0&#8243; z_index=&#8220;0&#8243; medium_width=&#8220;3&#8243; mobile_width=&#8220;0&#8243; width=&#8220;1\/3&#8243; uncode_shortcode_id=&#8220;571676&#8243;][vc_icon icon=&#8220;fa fa-map-pin&#8220; icon_color=&#8220;color-prif&#8220; size=&#8220;fa-3x&#8220; text_font=&#8220;font-136269&#8243; text_weight=&#8220;500&#8243; text_space=&#8220;fontspace-781688&#8243; text_reduced=&#8220;yes&#8220; title=&#8220;Anschrift&#8220; link=&#8220;url:https%3A%2F%2Fwww.google.it%2Fmaps%2Fdir%2F%2FNew%2BYork%2C%2BNY%2C%2BUSA%2F%4040.7127784%2C-74.0409606%2C13z%2Fdata%3D!3m1!4b1!4m8!4m7!1m0!1m5!1m1!1s0x89c24fa5d33f083b%3A0xc80b8f06e177fe62!2m2!1d-74.0059413!2d40.7127837%3Fhl%3Den||target:%20_blank&#8220; uncode_shortcode_id=&#8220;150629&#8243; icon_color_type=&#8220;uncode-palette&#8220;]Kommen Sie vorbei und trinken Sie einen Kaffee mit uns im Studio!<br \/>\n<strong>insevia GmbH<\/strong><br \/>\nLempenseite 40 | 69168 Wiesloch<\/p>\n<p>[\/vc_icon][\/vc_column][\/vc_row][vc_row row_height_percent=&#8220;0&#8243; override_padding=&#8220;yes&#8220; h_padding=&#8220;2&#8243; top_padding=&#8220;5&#8243; bottom_padding=&#8220;5&#8243; overlay_alpha=&#8220;50&#8243; gutter_size=&#8220;3&#8243; column_width_percent=&#8220;100&#8243; shift_y=&#8220;0&#8243; z_index=&#8220;0&#8243;][vc_column column_width_percent=&#8220;100&#8243; align_horizontal=&#8220;align_center&#8220; gutter_size=&#8220;3&#8243; font_family=&#8220;font-175345&#8243; overlay_alpha=&#8220;50&#8243; shift_x=&#8220;0&#8243; shift_y=&#8220;0&#8243; shift_y_down=&#8220;0&#8243; z_index=&#8220;0&#8243; medium_width=&#8220;0&#8243; mobile_width=&#8220;0&#8243; width=&#8220;1\/1&#8243; uncode_shortcode_id=&#8220;807756&#8243;][vc_row_inner limit_content=&#8220;&#8220;][vc_column_inner column_width_use_pixel=&#8220;yes&#8220; align_horizontal=&#8220;align_center&#8220; gutter_size=&#8220;2&#8243; overlay_alpha=&#8220;50&#8243; shift_x=&#8220;0&#8243; shift_y=&#8220;0&#8243; shift_y_down=&#8220;0&#8243; z_index=&#8220;0&#8243; medium_width=&#8220;0&#8243; mobile_width=&#8220;0&#8243; width=&#8220;1\/1&#8243; column_width_pixel=&#8220;600&#8243;][vc_custom_heading text_color=&#8220;color-prif&#8220; heading_semantic=&#8220;h6&#8243; text_font=&#8220;font-136269&#8243; text_size=&#8220;fontsize-160000&#8243; text_weight=&#8220;300&#8243; text_transform=&#8220;uppercase&#8220; text_height=&#8220;fontheight-357766&#8243; text_space=&#8220;fontspace-135905&#8243; uncode_shortcode_id=&#8220;951747&#8243; text_color_type=&#8220;uncode-palette&#8220;]Lassen Sie uns mit insevia starten[\/vc_custom_heading][vc_custom_heading heading_semantic=&#8220;h3&#8243; text_font=&#8220;font-136269&#8243; text_size=&#8220;h1&#8243; text_weight=&#8220;500&#8243; text_space=&#8220;fontspace-781688&#8243; sub_lead=&#8220;yes&#8220; uncode_shortcode_id=&#8220;993184&#8243;]Erz\u00e4hlen Sie uns von Ihrem Projekt[\/vc_custom_heading][vc_column_text uncode_shortcode_id=&#8220;254015&#8243;]Wir entwickeln kreative Marketingkonzepte f\u00fcr Bau- und Architekturprojekte und verbinden innovative Ideen mit klar messbaren Ergebnissen. Denn eine starke Idee entfaltet ihren vollen Wert erst dann, wenn sie strategisch umgesetzt wird und nachhaltig Wirkung zeigt.<\/p>\n<p>[\/vc_column_text][\/vc_column_inner][\/vc_row_inner][vc_row_inner limit_content=&#8220;&#8220;][vc_column_inner column_width_use_pixel=&#8220;yes&#8220; align_horizontal=&#8220;align_center&#8220; gutter_size=&#8220;3&#8243; overlay_alpha=&#8220;50&#8243; shift_x=&#8220;0&#8243; shift_y=&#8220;0&#8243; shift_y_down=&#8220;0&#8243; z_index=&#8220;0&#8243; medium_width=&#8220;0&#8243; mobile_width=&#8220;0&#8243; width=&#8220;1\/1&#8243; column_width_pixel=&#8220;900&#8243;][vc_column_text uncode_shortcode_id=&#8220;197449&#8243;]<style id=\"wpforms-css-vars-160021\">\n\t\t\t\t#wpforms-160021 {\n\t\t\t\t--wpforms-field-border-radius: 0px;\n--wpforms-field-border-color: #cccccc;\n--wpforms-field-border-color-spare: #cccccc;\n--wpforms-field-text-color: #444444;\n--wpforms-label-color: #262626;\n--wpforms-label-sublabel-color: #7f7f7f;\n--wpforms-label-error-color: #ff0000;\n--wpforms-button-border-style: solid;\n--wpforms-button-border-radius: 0px;\n--wpforms-button-background-color: #dddddd;\n--wpforms-button-border-color: #cccccc;\n--wpforms-button-text-color: #666666;\n--wpforms-container-padding: 0px;\n--wpforms-container-border-width: 1px;\n--wpforms-container-border-radius: 3px;\n--wpforms-background-color: rgba(0, 0, 0, 0);\n--wpforms-page-break-color: #dddddd;\n--wpforms-field-size-input-height: 43px;\n--wpforms-field-size-input-spacing: 15px;\n--wpforms-field-size-font-size: 16px;\n--wpforms-field-size-line-height: 19px;\n--wpforms-field-size-padding-h: 14px;\n--wpforms-field-size-checkbox-size: 16px;\n--wpforms-field-size-sublabel-spacing: 5px;\n--wpforms-field-size-icon-size: 1;\n--wpforms-label-size-font-size: 14px;\n--wpforms-label-size-line-height: 17px;\n--wpforms-label-size-sublabel-font-size: 13px;\n--wpforms-label-size-sublabel-line-height: 16px;\n--wpforms-button-size-font-size: 17px;\n--wpforms-button-size-height: 41px;\n--wpforms-button-size-padding-h: 15px;\n--wpforms-button-size-margin-top: 10px;\n--wpforms-container-shadow-size-box-shadow: none;\n\t\t\t}\n\t\t\t<\/style><div class=\"wpforms-container wpforms-container-full wpforms-render-modern\" id=\"wpforms-160021\"><form id=\"wpforms-form-160021\" class=\"wpforms-validate wpforms-form wpforms-ajax-form\" data-formid=\"160021\" method=\"post\" enctype=\"multipart\/form-data\" action=\"\/insevia\/wp-json\/wp\/v2\/pages\/3974\" data-token=\"36fcb40bfc3f42f207c7e2390bf71007\" data-token-time=\"1775819653\"><noscript class=\"wpforms-error-noscript\">Bitte aktiviere JavaScript in deinem Browser, um dieses Formular fertigzustellen.<\/noscript><div id=\"wpforms-error-noscript\" style=\"display: none;\">Bitte aktiviere JavaScript in deinem Browser, um dieses Formular fertigzustellen.<\/div><div class=\"wpforms-field-container\"><div id=\"wpforms-160021-field_0-container\" class=\"wpforms-field wpforms-field-name wpforms-one-half wpforms-first\" data-field-id=\"0\"><label class=\"wpforms-field-label wpforms-label-hide\" for=\"wpforms-160021-field_0\" aria-hidden=\"false\">Ihr Vollst\u00e4ndiger Name <span class=\"wpforms-required-label\" aria-hidden=\"true\">*<\/span><\/label><input type=\"text\" id=\"wpforms-160021-field_0\" class=\"wpforms-field-large wpforms-field-required\" name=\"wpforms[fields][0]\" placeholder=\"Ihr Vollst\u00e4ndiger Name*\" aria-errormessage=\"wpforms-160021-field_0-error\" required><\/div>\t\t<div id=\"wpforms-160021-field_2-container\"\n\t\t\tclass=\"wpforms-field wpforms-field-text\"\n\t\t\tdata-field-type=\"text\"\n\t\t\tdata-field-id=\"2\"\n\t\t\t>\n\t\t\t<label class=\"wpforms-field-label\" for=\"wpforms-160021-field_2\" >an Email Ihr<\/label>\n\t\t\t<input type=\"text\" id=\"wpforms-160021-field_2\" class=\"wpforms-field-medium\" name=\"wpforms[fields][2]\" >\n\t\t<\/div>\n\t\t<div id=\"wpforms-160021-field_7-container\" class=\"wpforms-field wpforms-field-text wpforms-one-half\" data-field-id=\"7\"><label class=\"wpforms-field-label wpforms-label-hide\" for=\"wpforms-160021-field_7\" aria-hidden=\"false\">Firma<\/label><input type=\"text\" id=\"wpforms-160021-field_7\" class=\"wpforms-field-large\" name=\"wpforms[fields][7]\" placeholder=\"Firma\" aria-errormessage=\"wpforms-160021-field_7-error\" ><\/div><div id=\"wpforms-160021-field_8-container\" class=\"wpforms-field wpforms-field-text wpforms-one-half wpforms-first\" data-field-id=\"8\"><label class=\"wpforms-field-label wpforms-label-hide\" for=\"wpforms-160021-field_8\" aria-hidden=\"false\">Telefon <span class=\"wpforms-required-label\" aria-hidden=\"true\">*<\/span><\/label><input type=\"text\" id=\"wpforms-160021-field_8\" class=\"wpforms-field-large wpforms-field-required\" name=\"wpforms[fields][8]\" placeholder=\"Telefonnummer*\" aria-errormessage=\"wpforms-160021-field_8-error\" required><\/div><div id=\"wpforms-160021-field_1-container\" class=\"wpforms-field wpforms-field-email wpforms-one-half\" data-field-id=\"1\"><label class=\"wpforms-field-label wpforms-label-hide\" for=\"wpforms-160021-field_1\" aria-hidden=\"false\">Email <span class=\"wpforms-required-label\" aria-hidden=\"true\">*<\/span><\/label><input type=\"email\" id=\"wpforms-160021-field_1\" class=\"wpforms-field-large wpforms-field-required\" name=\"wpforms[fields][1]\" placeholder=\"Ihre E-Mailadresse*\" spellcheck=\"false\" aria-errormessage=\"wpforms-160021-field_1-error\" required><\/div><div id=\"wpforms-160021-field_3-container\" class=\"wpforms-field wpforms-field-textarea\" data-field-id=\"3\"><label class=\"wpforms-field-label wpforms-label-hide\" for=\"wpforms-160021-field_3\" aria-hidden=\"false\">Ihre Nachricht an insevia<\/label><textarea id=\"wpforms-160021-field_3\" class=\"wpforms-field-medium\" name=\"wpforms[fields][3]\" placeholder=\"Ihre Nachricht an insevia\" aria-errormessage=\"wpforms-160021-field_3-error\" ><\/textarea><\/div><div id=\"wpforms-160021-field_12-container\" class=\"wpforms-field wpforms-field-gdpr-checkbox\" data-field-id=\"12\"><label class=\"wpforms-field-label\">DSGVO-Einverst\u00e4ndnis <span class=\"wpforms-required-label\" aria-hidden=\"true\">*<\/span><\/label><ul id=\"wpforms-160021-field_12\" class=\"wpforms-field-required\"><li class=\"choice-1\"><input type=\"checkbox\" id=\"wpforms-160021-field_12_1\" name=\"wpforms[fields][12][]\" value=\"Ich willige ein, dass diese Website meine \u00fcbermittelten Informationen speichert, sodass meine Anfrage beantwortet werden kann.\" aria-errormessage=\"wpforms-160021-field_12_1-error\" required ><label class=\"wpforms-field-label-inline\" for=\"wpforms-160021-field_12_1\">Ich willige ein, dass diese Website meine \u00fcbermittelten Informationen speichert, sodass meine Anfrage beantwortet werden kann.<\/label><\/li><\/ul><\/div><script>\n\t\t\t\t( function() {\n\t\t\t\t\tconst style = document.createElement( 'style' );\n\t\t\t\t\tstyle.appendChild( document.createTextNode( '#wpforms-160021-field_2-container { position: absolute !important; overflow: hidden !important; display: inline !important; height: 1px !important; width: 1px !important; z-index: -1000 !important; padding: 0 !important; } #wpforms-160021-field_2-container input { visibility: hidden; } #wpforms-conversational-form-page #wpforms-160021-field_2-container label { counter-increment: none; }' ) );\n\t\t\t\t\tdocument.head.appendChild( style );\n\t\t\t\t\tdocument.currentScript?.remove();\n\t\t\t\t} )();\n\t\t\t<\/script><\/div><!-- .wpforms-field-container --><div class=\"wpforms-submit-container\" ><input type=\"hidden\" name=\"wpforms[id]\" value=\"160021\"><input type=\"hidden\" name=\"page_title\" value=\"\"><input type=\"hidden\" name=\"page_url\" value=\"https:\/\/www.insevia.de\/insevia\/wp-json\/wp\/v2\/pages\/3974\"><input type=\"hidden\" name=\"url_referer\" value=\"\"><button type=\"submit\" name=\"wpforms[submit]\" id=\"wpforms-submit-160021\" class=\"wpforms-submit\" data-alt-text=\"Formular wird gesendet...\" data-submit-text=\"Absenden...\" aria-live=\"assertive\" value=\"wpforms-submit\">Absenden...<\/button><img decoding=\"async\" src=\"https:\/\/www.insevia.de\/insevia\/wp-content\/plugins\/wpforms-lite\/assets\/images\/submit-spin.svg\" class=\"wpforms-submit-spinner\" style=\"display: none;\" width=\"26\" height=\"26\" alt=\"Wird geladen\"><\/div><\/form><\/div>  <!-- .wpforms-container -->[\/vc_column_text][\/vc_column_inner][\/vc_row_inner][\/vc_column][\/vc_row]<\/p>\n<\/div>","protected":false},"excerpt":{"rendered":"<p>If you&#8217;d like to discuss working with us, find out more about the range of services we have to offer, or just want to have a chat, please get in touch.<\/p>\n","protected":false},"author":1,"featured_media":0,"parent":0,"menu_order":0,"comment_status":"open","ping_status":"closed","template":"","meta":{"footnotes":""},"class_list":["post-3974","page","type-page","status-publish","hentry"],"_links":{"self":[{"href":"https:\/\/www.insevia.de\/insevia\/wp-json\/wp\/v2\/pages\/3974","targetHints":{"allow":["GET"]}}],"collection":[{"href":"https:\/\/www.insevia.de\/insevia\/wp-json\/wp\/v2\/pages"}],"about":[{"href":"https:\/\/www.insevia.de\/insevia\/wp-json\/wp\/v2\/types\/page"}],"author":[{"embeddable":true,"href":"https:\/\/www.insevia.de\/insevia\/wp-json\/wp\/v2\/users\/1"}],"replies":[{"embeddable":true,"href":"https:\/\/www.insevia.de\/insevia\/wp-json\/wp\/v2\/comments?post=3974"}],"version-history":[{"count":20,"href":"https:\/\/www.insevia.de\/insevia\/wp-json\/wp\/v2\/pages\/3974\/revisions"}],"predecessor-version":[{"id":160039,"href":"https:\/\/www.insevia.de\/insevia\/wp-json\/wp\/v2\/pages\/3974\/revisions\/160039"}],"wp:attachment":[{"href":"https:\/\/www.insevia.de\/insevia\/wp-json\/wp\/v2\/media?parent=3974"}],"curies":[{"name":"wp","href":"https:\/\/api.w.org\/{rel}","templated":true}]}}