{"id":3,"date":"2025-09-16T11:14:28","date_gmt":"2025-09-16T09:14:28","guid":{"rendered":"https:\/\/www.insevia.de\/insevia\/?page_id=3"},"modified":"2026-04-03T12:26:01","modified_gmt":"2026-04-03T10:26:01","slug":"datenschutzerklaerung","status":"publish","type":"page","link":"https:\/\/www.insevia.de\/insevia\/datenschutzerklaerung\/","title":{"rendered":"Datenschutzerkl\u00e4rung"},"content":{"rendered":"<div class=\"wpb-content-wrapper\"><p>[vc_row][vc_column][vc_column_text uncode_shortcode_id=&#8220;178648&#8243;]<\/p>\n<h3>Datenschutzerkl\u00e4rung<\/h3>\n<p><b>1. Datenschutz auf einen Blick<\/b><\/p>\n<p><b>Allgemeine Hinweise<\/b><\/p>\n<p>Die folgenden Hinweise geben einen einfachen \u00dcberblick dar\u00fcber, was mit Ihren personenbezogenen Daten passiert, wenn Sie unsere Website besuchen. Personenbezogene Daten sind alle Daten, mit denen Sie pers\u00f6nlich identifiziert werden k\u00f6nnen. Ausf\u00fchrliche Informationen zum Thema Datenschutz entnehmen Sie der nachfolgenden Datenschutzerkl\u00e4rung.<\/p>\n<p><b>Datenerfassung auf dieser Website<\/b><\/p>\n<p>Die Datenverarbeitung auf dieser Website erfolgt durch den Websitebetreiber. Dessen Kontaktdaten k\u00f6nnen Sie dem Abschnitt \u201eVerantwortlicher\u201c in dieser Datenschutzerkl\u00e4rung entnehmen.<\/p>\n<p>Ihre Daten werden zum einen dadurch erhoben, dass Sie uns diese mitteilen, beispielsweise durch Eingaben in ein Kontaktformular.<br \/>\nAndere Daten werden automatisch oder nach Ihrer Einwilligung beim Besuch der Website durch unsere IT-Systeme erfasst.<\/p>\n<p><b>2. Verantwortlicher<\/b><\/p>\n<p>Verantwortlicher f\u00fcr die Datenverarbeitung auf dieser Website ist:<\/p>\n<p><b>insevia GmbH<\/b><br \/>\nAm Leimengraben 37<br \/>\n69168 Wiesloch<br \/>\nDeutschland<\/p>\n<p>Telefon: +49 (0)6222 9394888<br \/>\nE-Mail: info@insevia.de<\/p>\n<p>Der Verantwortliche ist die nat\u00fcrliche oder juristische Person, die allein oder gemeinsam mit anderen \u00fcber die Zwecke und Mittel der Verarbeitung personenbezogener Daten entscheidet.<\/p>\n<p><b>3. Allgemeine Hinweise und Pflichtinformationen<\/b><\/p>\n<p><b>Datenschutz<\/b><\/p>\n<p>Der Schutz Ihrer pers\u00f6nlichen Daten ist uns ein wichtiges Anliegen. Wir behandeln Ihre personenbezogenen Daten vertraulich und entsprechend den gesetzlichen Datenschutzvorschriften sowie dieser Datenschutzerkl\u00e4rung.<\/p>\n<p>Wenn Sie diese Website benutzen, werden verschiedene personenbezogene Daten erhoben. Diese Datenschutzerkl\u00e4rung erl\u00e4utert, welche Daten wir erheben und wof\u00fcr wir sie nutzen.<\/p>\n<p><b>Widerruf Ihrer Einwilligung<\/b><\/p>\n<p>Viele Datenverarbeitungsvorg\u00e4nge sind nur mit Ihrer ausdr\u00fccklichen Einwilligung m\u00f6glich. Sie k\u00f6nnen eine bereits erteilte Einwilligung jederzeit widerrufen. Eine formlose Mitteilung per E-Mail an uns reicht hierf\u00fcr aus.<\/p>\n<p><b>Beschwerderecht bei der zust\u00e4ndigen Aufsichtsbeh\u00f6rde<\/b><\/p>\n<p>Im Falle datenschutzrechtlicher Verst\u00f6\u00dfe steht Betroffenen ein Beschwerderecht bei der zust\u00e4ndigen Aufsichtsbeh\u00f6rde zu.<\/p>\n<p><b>Recht auf Daten\u00fcbertragbarkeit<\/b><\/p>\n<p>Sie haben das Recht, Daten, die wir auf Grundlage Ihrer Einwilligung oder in Erf\u00fcllung eines Vertrags automatisiert verarbeiten, an sich oder an einen Dritten in einem g\u00e4ngigen maschinenlesbaren Format aush\u00e4ndigen zu lassen.<\/p>\n<p><b>4. Datenerfassung auf dieser Website<\/b><\/p>\n<p><b>Server-Log-Dateien<\/b><\/p>\n<p>Der Provider der Seiten erhebt und speichert automatisch Informationen in sogenannten Server-Log-Dateien, die Ihr Browser automatisch an uns \u00fcbermittelt.<\/p>\n<p>Dies sind beispielsweise:<\/p>\n<ul>\n<li>Browsertyp und Browserversion<\/li>\n<li>verwendetes Betriebssystem<\/li>\n<li>Referrer URL<\/li>\n<li>Hostname des zugreifenden Rechners<\/li>\n<li>Uhrzeit der Serveranfrage<\/li>\n<li>IP-Adresse<\/li>\n<\/ul>\n<p>Eine Zusammenf\u00fchrung dieser Daten mit anderen Datenquellen wird nicht vorgenommen.<\/p>\n<p>Die Verarbeitung erfolgt auf Grundlage von Art. 6 Abs. 1 lit. f DSGVO aus unserem berechtigten Interesse an der technisch fehlerfreien Darstellung und der Optimierung dieser Website.<\/p>\n<p><b>Cookies<\/b><\/p>\n<p>Unsere Website verwendet sogenannte Cookies. Cookies richten auf Ihrem Endger\u00e4t keinen Schaden an und enthalten keine Viren. Sie dienen dazu, unser Angebot nutzerfreundlicher, effektiver und sicherer zu machen.<\/p>\n<p>Die meisten der von uns verwendeten Cookies sind sogenannte <b>Session-Cookies<\/b>. Sie werden nach Ende Ihres Besuchs automatisch gel\u00f6scht.<\/p>\n<p>Sie k\u00f6nnen Ihren Browser so einstellen, dass Sie \u00fcber das Setzen von Cookies informiert werden und Cookies nur im Einzelfall erlauben.<\/p>\n<p><b>Kontaktformular<\/b><\/p>\n<p>Wenn Sie uns per Kontaktformular Anfragen zukommen lassen, werden Ihre Angaben aus dem Formular inklusive der von Ihnen dort angegebenen Kontaktdaten bei uns gespeichert, um die Anfrage zu bearbeiten und f\u00fcr den Fall von Anschlussfragen.<\/p>\n<p>Die Verarbeitung dieser Daten erfolgt auf Grundlage von Art. 6 Abs. 1 lit. b DSGVO, sofern Ihre Anfrage mit der Erf\u00fcllung eines Vertrags zusammenh\u00e4ngt, oder auf Grundlage von Art. 6 Abs. 1 lit. f DSGVO.<\/p>\n<p><b>5. Plugins und Tools<\/b><\/p>\n<p><b>Google Fonts (lokales Hosting)<\/b><\/p>\n<p>Diese Seite nutzt zur einheitlichen Darstellung von Schriftarten sogenannte Google Fonts. Die Google Fonts sind lokal installiert. Eine Verbindung zu Servern von Google findet dabei nicht statt.<\/p>\n<p><b>6. Speicherdauer<\/b><\/p>\n<p>Personenbezogene Daten werden nur so lange gespeichert, wie dies zur Erf\u00fcllung der jeweiligen Zwecke erforderlich ist oder gesetzliche Aufbewahrungspflichten bestehen.<\/p>\n<p><b>7. \u00c4nderung dieser Datenschutzerkl\u00e4rung<\/b><\/p>\n<p>Wir behalten uns vor, diese Datenschutzerkl\u00e4rung anzupassen, damit sie stets den aktuellen rechtlichen Anforderungen entspricht oder um \u00c4nderungen unserer Leistungen umzusetzen.[\/vc_column_text][\/vc_column][\/vc_row]<\/p>\n<\/div>","protected":false},"excerpt":{"rendered":"<p>[vc_row][vc_column][vc_column_text uncode_shortcode_id=&#8220;178648&#8243;] Datenschutzerkl\u00e4rung 1. Datenschutz auf einen Blick Allgemeine Hinweise Die folgenden Hinweise geben einen einfachen \u00dcberblick dar\u00fcber, was mit [&hellip;]<\/p>\n","protected":false},"author":1,"featured_media":0,"parent":0,"menu_order":0,"comment_status":"closed","ping_status":"open","template":"","meta":{"footnotes":""},"class_list":["post-3","page","type-page","status-publish","hentry"],"_links":{"self":[{"href":"https:\/\/www.insevia.de\/insevia\/wp-json\/wp\/v2\/pages\/3","targetHints":{"allow":["GET"]}}],"collection":[{"href":"https:\/\/www.insevia.de\/insevia\/wp-json\/wp\/v2\/pages"}],"about":[{"href":"https:\/\/www.insevia.de\/insevia\/wp-json\/wp\/v2\/types\/page"}],"author":[{"embeddable":true,"href":"https:\/\/www.insevia.de\/insevia\/wp-json\/wp\/v2\/users\/1"}],"replies":[{"embeddable":true,"href":"https:\/\/www.insevia.de\/insevia\/wp-json\/wp\/v2\/comments?post=3"}],"version-history":[{"count":3,"href":"https:\/\/www.insevia.de\/insevia\/wp-json\/wp\/v2\/pages\/3\/revisions"}],"predecessor-version":[{"id":159954,"href":"https:\/\/www.insevia.de\/insevia\/wp-json\/wp\/v2\/pages\/3\/revisions\/159954"}],"wp:attachment":[{"href":"https:\/\/www.insevia.de\/insevia\/wp-json\/wp\/v2\/media?parent=3"}],"curies":[{"name":"wp","href":"https:\/\/api.w.org\/{rel}","templated":true}]}}