{"id":159937,"date":"2026-04-02T12:39:03","date_gmt":"2026-04-02T10:39:03","guid":{"rendered":"https:\/\/www.insevia.de\/insevia\/?page_id=159937"},"modified":"2026-04-06T18:41:16","modified_gmt":"2026-04-06T16:41:16","slug":"impressum","status":"publish","type":"page","link":"https:\/\/www.insevia.de\/insevia\/impressum\/","title":{"rendered":"Impressum"},"content":{"rendered":"<div class=\"wpb-content-wrapper\">[vc_row][vc_column][vc_column_text uncode_shortcode_id=&#8220;635829&#8243;]\r\n\r\n<h2 class=\"wp-block-heading\">Impressum<\/h2>\r\n<p>insevia GmbH<br \/>Lempenseite 40<br \/>4069168 Wiesloch<\/p>\r\n<p><strong>Kontakt:<\/strong><br \/>Tel. +49 (0) 6222 9386556<br \/>E-Mail. info[at]insevia.de<\/p>\r\n<p><strong>Gesch\u00e4ftsf\u00fchrung:<\/strong><br \/>Frank Barthel<\/p>\r\n<p><strong>Umsatzsteuer-Identifikationsnummer:<\/strong><br \/>DE 232480118<\/p>\r\n<p>Inhaltlich Verantwortlicher gem\u00e4\u00df \u00a7 55 Abs. 2 RStV:<br \/>insevia GmbH, Anschrift wie oben<\/p>\r\n<p><strong>Bildnachweis:<br \/><\/strong>insevia Gmbh<br \/>Video von Tima Miroshnichenko:<br \/><a href=\"https:\/\/www.pexels.com\/de-de\/video\/technologie-tastatur-nummern-schlussel-5647321\/\" target=\"_blank\" rel=\"noopener\">https:\/\/www.pexels.com\/de-de\/video\/technologie-tastatur-nummern-schlussel-5647321\/<\/a><\/p>\r\n<p>&nbsp;<\/p>\r\n<p><strong>Hinweis auf EU-Streitschlichtung:<\/strong><\/p>\r\n<p>Die Europ\u00e4ische Kommission stellt eine Plattform zur Online-Streitbeilegung (OS) bereit: http:\/\/ec.europa.eu\/consumers\/odr<br \/>Unsere E-Mail-Adresse finden sie oben im Impressum.<\/p>\r\n<p>Alle Rechte vorbehalten. Text, Bilder, Grafiken, Sound, Animationen und Videos sowie deren Anordnung auf dieser Website unterliegen dem Schutz des Urheberrechts und anderer Schutzgesetze. Der Inhalt dieser Website darf nicht zu kommerziellen Zwecken kopiert, verbreitet, ver\u00e4ndert oder Dritten zug\u00e4nglich gemacht werden. Unsere Website kann Links zu Websites anderer Anbieter enthalten.<\/p>\r\n<p>Wolfgraphics ist f\u00fcr die Inhalte von Websites au\u00dferhalb der eigenen Website oder von Websites, die auf die eigene Website verweisen, nicht verantwortlich. F\u00fcr den Inhalt der gelinkten Homepages ist ausschlie\u00dflich der betreffende Anbieter selbst verantwortlich; sie dienen lediglich Informationszwecken und wir machen uns diese Inhalte nicht zu eigen.<\/p>\r\n<p>Wir haben keinerlei Einfluss auf die Gestaltung und die Inhalte der von uns gelinkten Seiten. Soweit Sie solche Websites besuchen wollen, sollten Sie die hierf\u00fcr jeweils geltenden Hinweise beachten. Wir sind nicht f\u00fcr die Datenschutzstandards und die Praktiken anderer Anbieter verantwortlich. Verfahrensverzeichnis f\u00fcr \u201eJedermann\u201c gem\u00e4\u00df BDSG.<\/p>\r\n<p>[\/vc_column_text][\/vc_column][\/vc_row]<\/p><\/div>","protected":false},"excerpt":{"rendered":"<p>[vc_row][vc_column][vc_column_text uncode_shortcode_id=&#8220;635829&#8243;] Impressum insevia GmbHLempenseite 404069168 Wiesloch Kontakt:Tel. +49 (0) 6222 9386556E-Mail. info[at]insevia.de Gesch\u00e4ftsf\u00fchrung:Frank Barthel Umsatzsteuer-Identifikationsnummer:DE 232480118 Inhaltlich Verantwortlicher gem\u00e4\u00df [&hellip;]<\/p>\n","protected":false},"author":1,"featured_media":0,"parent":0,"menu_order":0,"comment_status":"closed","ping_status":"closed","template":"","meta":{"footnotes":""},"class_list":["post-159937","page","type-page","status-publish","hentry"],"_links":{"self":[{"href":"https:\/\/www.insevia.de\/insevia\/wp-json\/wp\/v2\/pages\/159937","targetHints":{"allow":["GET"]}}],"collection":[{"href":"https:\/\/www.insevia.de\/insevia\/wp-json\/wp\/v2\/pages"}],"about":[{"href":"https:\/\/www.insevia.de\/insevia\/wp-json\/wp\/v2\/types\/page"}],"author":[{"embeddable":true,"href":"https:\/\/www.insevia.de\/insevia\/wp-json\/wp\/v2\/users\/1"}],"replies":[{"embeddable":true,"href":"https:\/\/www.insevia.de\/insevia\/wp-json\/wp\/v2\/comments?post=159937"}],"version-history":[{"count":3,"href":"https:\/\/www.insevia.de\/insevia\/wp-json\/wp\/v2\/pages\/159937\/revisions"}],"predecessor-version":[{"id":159982,"href":"https:\/\/www.insevia.de\/insevia\/wp-json\/wp\/v2\/pages\/159937\/revisions\/159982"}],"wp:attachment":[{"href":"https:\/\/www.insevia.de\/insevia\/wp-json\/wp\/v2\/media?parent=159937"}],"curies":[{"name":"wp","href":"https:\/\/api.w.org\/{rel}","templated":true}]}}